{"id":90,"date":"2017-09-23T09:09:36","date_gmt":"2017-09-23T09:09:36","guid":{"rendered":"http:\/\/hondenfocus.nl\/?page_id=90"},"modified":"2024-12-12T12:38:48","modified_gmt":"2024-12-12T12:38:48","slug":"90-2","status":"publish","type":"page","link":"http:\/\/hondenfocus.nl\/?page_id=90","title":{"rendered":"Over mij"},"content":{"rendered":"<p><img loading=\"lazy\" decoding=\"async\" class=\"size-medium wp-image-234 alignright\" src=\"http:\/\/hondenfocus.nl\/wp-content\/uploads\/2017\/09\/Danielle-Fama-en-Vera-2-262x300.jpg\" alt=\"\" width=\"262\" height=\"300\" srcset=\"http:\/\/hondenfocus.nl\/wp-content\/uploads\/2017\/09\/Danielle-Fama-en-Vera-2-262x300.jpg 262w, http:\/\/hondenfocus.nl\/wp-content\/uploads\/2017\/09\/Danielle-Fama-en-Vera-2-768x881.jpg 768w, http:\/\/hondenfocus.nl\/wp-content\/uploads\/2017\/09\/Danielle-Fama-en-Vera-2-893x1024.jpg 893w, http:\/\/hondenfocus.nl\/wp-content\/uploads\/2017\/09\/Danielle-Fama-en-Vera-2-235x270.jpg 235w\" sizes=\"auto, (max-width: 262px) 100vw, 262px\" \/>Mijn naam is Danielle Fama, samen met mijn partner John en met onze honden woon ik in Vorden.<\/p>\n<p>Mijn eerste eigen hond was een Duitse herder Falco, daarna een aantal opvanghondjes die tijdelijk bij ons hebben gewoond. Uiteindelijk is er een opvanghondje definitief bij ons gebleven. Een schat van een hond maar wel \u00e9\u00e9n met een uitgebreide handleiding. Hierna gevolgd door een aantal American Staffordshire Terri\u00ebrs en op dit moment hebben we een Hollandse Herdershond Vera, zij is ondertussen ruim 13 jaar oud en we doen het dan ook kalm aan.<\/p>\n<p>Het samen met Vera bezig zijn vindt ik heerlijk, in de ochtend genieten we van een wandelingetje in de buurt. Hersenwerkjes, wat oefeningen onderweg of thuis vindt Vera net zoals ik erg leuk om te doen.<\/p>\n<p>Mijn passie voor honden was de aanleiding om cursussen over hondengedrag te gaan volgen. Al snel gevolgd door de opleiding\u00a0 kynologisch instructeur in de opvoeding van honden. Als kynologisch instructeur werd ik geconfronteerd met situaties waarbij ik graag (nog) meer kennis over hondengedrag had gehad. Hierop besloot ik de opleiding gedragstherapeut voor honden te volgen bij DogVision. Als kynologisch instructeur heb ik een aantal jaren les gegeven op een hondenschool. Het les geven voor een groep is leuk maar voor mij is het 1 op 1 werken waarbij je je volle aandacht aan de hond en eigenaar kan geven mijn passie.<\/p>\n<p style=\"text-align: left;\">Hiernaast ben ik vrijwilliger bij stichting Alert hondenopvang en herplaatsing en actief als vrijwilliger bij de rasverenigingen voor Hollandse Herdershonden.<\/p>\n<ul>\n<li><strong><em>Scholing<\/em><\/strong><em><br \/>\n<\/em><\/li>\n<li><em>Kynologische kennis 1 \u2013 Raad van Beheer<br \/>\n<\/em><\/li>\n<li><em>Kynologische kennis 2 \u2013 Raad van Beheer<br \/>\n<\/em><\/li>\n<li><em>Module 1 t\/m 3 Kynologisch instructeur DogVision<br \/>\n<\/em><\/li>\n<li><em>Diverse workshop behendigheid \u2013 Diana van Bree, Marcel van Hagen, Rob de Vries (power of two), Geertje Schijf , Rudi Wijnandts, Robin Ploegmakers, Carl de Rouck, Jan Sprij.<br \/>\n<\/em><\/li>\n<li><em>Workshop weekend Obedience &#8211; it takes two\u2013Danielle Stoutjesdijk en Birgitte vd Kamp<br \/>\n<\/em><\/li>\n<li><em>Exterieur en beweging \u2013 Raad van Beheer<br \/>\n<\/em><\/li>\n<li><em>Workshop hondenvoeding volgens de 5 elementen \u2013 Karin de Haas<br \/>\n<\/em><\/li>\n<li><em>Mind dog academy workshop (weekend) \u2013 Gwen Griffioen, Iben Marianne Krarup Pedersen<br \/>\n<\/em><\/li>\n<li><em>Seminar Nando Brown<\/em><\/li>\n<li><em>Certificaat ringmeester \u2013 Raad van Beheer<br \/>\n<\/em><\/li>\n<li><em>Growl class workshop &#8211; Ian Dunbar<br \/>\n<\/em><\/li>\n<li><em>Off-leash reliability &amp; games workshop &#8211; Ian Dunbar<br \/>\n<\/em><\/li>\n<li><em>Workshop help je hond af van stress, drukte en onrust \u2013 Monique Bladder<br \/>\n<\/em><\/li>\n<li><em>Lezing Behaviour Adjustment Training \u2013 Monique Bladder<br \/>\n<\/em><\/li>\n<li><em>Cursus genetica, kleuren en vachten \u2013 Marjolein van Roosendaal<br \/>\n<\/em><\/li>\n<li><em>Lezing De bal is hond &#8211; Judith Lissenberg<br \/>\n<\/em><\/li>\n<li><em>Studiedag Dominantie: achterhaald of verrassend doordacht?<br \/>\n<\/em><\/li>\n<li><em>Hoopers instructeur Nadac Hoopers Nederland<br \/>\n<\/em><\/li>\n<li><em>Lezing Sabrina Brando en Simon Prins (O&amp;O)<br \/>\n<\/em><\/li>\n<li><em>Lezing Balans en Coordinatie &#8211; Sam Turner<br \/>\n<\/em><\/li>\n<li><em>Lezing inzichten over vaccinaties bij de hond \u2013 Dr Herman Egberink<br \/>\n<\/em><\/li>\n<li><em>Seminar veterinary behavioural medicine &#8211; Karen Overall<br \/>\n<\/em><\/li>\n<li><em>Workshop contact &amp; co \u2013 Geertje Schijf<\/em><\/li>\n<li><em>Lezing inteelt en outcros \u2013 Marjolein van Roosendaal<br \/>\n<\/em><\/li>\n<li><em>Gedragstherapie voor Honden DogVision<br \/>\n<\/em><\/li>\n<li><em>Workshop balans en coordinatie \u2013 Sam Turner<\/em><\/li>\n<li><em>Lezing Beyond the ABC of animal training \u2013 Sabrina Brando<br \/>\n<\/em><\/li>\n<li><em>Dierenlot landelijke congres<br \/>\n<\/em><\/li>\n<li><em>Lezing Vechthonden wie laat ze binnen<br \/>\n<\/em><\/li>\n<li><em>Lezing Epilepsie: voorkomen, erfelijkheid, behandeling, valkuilen \u2013 Paul Mandigers<\/em><\/li>\n<li><em>Gedragsbeoordelaar van Honden DogVision<\/em><\/li>\n<li><em>Lezing puppygym voor hondenscholen \u2013 Sam Turner<\/em><\/li>\n<li><em>Seminar agression \u2013 Alexa Capra<\/em><\/li>\n<li><em>Seminar distance, belonging, coping \u2013 Alexa Capra<br \/>\n<\/em><\/li>\n<li><em>Symposium voor de kynologie \u2013 Expertise centrum genetica gezelschapsdieren<\/em><\/li>\n<li><em>Lezing trainingsprincipes en verantwoorde trainingsopbouw \u2013 Marianne Krediet en Ronald Mouwen<\/em><\/li>\n<li><em>Lezing propriocepsis voor de pup \u2013 Sam Turner<\/em><\/li>\n<li><em>\u00a0Fokken voor diversiteit \u2013 Pieter Oliehoek <\/em><em>\u00a0<\/em><\/li>\n<li><em>lezing Kraken prikken -Irene van Dijl<\/em><\/li>\n<li><em>EHBO met homeopathie -Fieke van Loosdregt<\/em><\/li>\n<li><em>Epilepsie bij de hond &#8211; Petra Driessen<\/em><\/li>\n<li><em>Workshop mantrailing &#8211; Monique van Weeren<\/em><\/li>\n<li><em>Lezing puppyfit &#8211; fit dog program<br \/>\n<\/em><\/li>\n<li><em>Ben ik wel de beste vriend van mijn hond? &#8211; Frans van Knapen<br \/>\n<\/em><\/li>\n<li><i>Mens achter de hond &#8211; DogVision<\/i><\/li>\n<li><i><\/i>S<em>eminar Chirag Patel<\/em><\/li>\n<li><em>complexe honden in de opvang &#8211; dierenlot<\/em><\/li>\n<li><em>Instructeur vechtende honden en dan<\/em><\/li>\n<li><em>Zware jongens en pittige meiden<\/em><\/li>\n<li><em>Welzijn en abnormaal gedrag DogVision<\/em><\/li>\n<li><em>Landelijk congres dierenhulpverlening<\/em><\/li>\n<li><em>Preventie van agressie &#8211; annorlunda<\/em><\/li>\n<li><em>Eigenaar en netwerk &#8211; HACR<\/em><\/li>\n<li><em>HR honden op je hondenschool &#8211; O&amp;O<\/em><\/li>\n<li><em>Gedragsmedicatie &#8211; Argos<\/em><\/li>\n<li><em>Euthanasie bij honden met gedragsproblemen &#8211; Tinley<\/em><\/li>\n<li><em>Agressie bij honden &#8211; Michael Shikasio<\/em><\/li>\n<li><em>Predation substitute training &#8211; Simone Mueller<\/em><\/li>\n<\/ul>\n<p><strong>In de planning<\/strong><\/p>\n<ul>\n<li><em>Behavioural neuroscience &#8211; Dani\u00ebl Shaw<\/em><\/li>\n<\/ul>\n","protected":false},"excerpt":{"rendered":"<p>Mijn naam is Danielle Fama, samen met mijn partner John en met onze honden woon ik in Vorden. Mijn eerste eigen hond was een Duitse herder Falco, daarna een aantal opvanghondjes die tijdelijk bij ons hebben gewoond. Uiteindelijk is er een opvanghondje definitief bij ons gebleven. Een schat van een hond maar wel \u00e9\u00e9n met een uitgebreide handleiding. Hierna gevolgd door een aantal American Staffordshire Terri\u00ebrs en op dit moment hebben we een Hollandse Herdershond Vera, zij is ondertussen ruim&#8230;<\/p>\n<p class=\"read-more\"><a class=\"btn btn-default\" href=\"http:\/\/hondenfocus.nl\/?page_id=90\"> Lees Meer<span class=\"screen-reader-text\">  Lees Meer<\/span><\/a><\/p>\n","protected":false},"author":1,"featured_media":0,"parent":0,"menu_order":0,"comment_status":"closed","ping_status":"closed","template":"","meta":{"footnotes":""},"class_list":["post-90","page","type-page","status-publish","hentry"],"_links":{"self":[{"href":"http:\/\/hondenfocus.nl\/index.php?rest_route=\/wp\/v2\/pages\/90","targetHints":{"allow":["GET"]}}],"collection":[{"href":"http:\/\/hondenfocus.nl\/index.php?rest_route=\/wp\/v2\/pages"}],"about":[{"href":"http:\/\/hondenfocus.nl\/index.php?rest_route=\/wp\/v2\/types\/page"}],"author":[{"embeddable":true,"href":"http:\/\/hondenfocus.nl\/index.php?rest_route=\/wp\/v2\/users\/1"}],"replies":[{"embeddable":true,"href":"http:\/\/hondenfocus.nl\/index.php?rest_route=%2Fwp%2Fv2%2Fcomments&post=90"}],"version-history":[{"count":28,"href":"http:\/\/hondenfocus.nl\/index.php?rest_route=\/wp\/v2\/pages\/90\/revisions"}],"predecessor-version":[{"id":419,"href":"http:\/\/hondenfocus.nl\/index.php?rest_route=\/wp\/v2\/pages\/90\/revisions\/419"}],"wp:attachment":[{"href":"http:\/\/hondenfocus.nl\/index.php?rest_route=%2Fwp%2Fv2%2Fmedia&parent=90"}],"curies":[{"name":"wp","href":"https:\/\/api.w.org\/{rel}","templated":true}]}}